{"id":546,"date":"2014-03-11T16:41:07","date_gmt":"2014-03-11T15:41:07","guid":{"rendered":"http:\/\/wordpresstest.pageya.com\/?page_id=546"},"modified":"2024-02-28T13:19:15","modified_gmt":"2024-02-28T12:19:15","slug":"impressum","status":"publish","type":"page","link":"https:\/\/www.pearls.de\/?page_id=546","title":{"rendered":"Impressum"},"content":{"rendered":"<p>Impressum nach \u00a75 TMG<\/p>\n<p>PEARLS Entertainment GmbH<br \/>\nSchl\u00f6rstr. 1a<br \/>\n92507 Nabburg<\/p>\n<p>Vertretungsberechtigter Gesch\u00e4ftsf\u00fchrer: Alfred Keller<\/p>\n<p>Handelsregister: HRB 1885 Amtsgericht Amberg<br \/>\nFinanzamt Schwandorf<\/p>\n<p>Zust\u00e4ndige Aufsichtsbeh\u00f6rde:<br \/>\nLandratsamt Schwandorf<br \/>\nWackersdorfer Str. 80<br \/>\n92421\u00a0Schwandorf<br \/>\n<a href=\"http:\/\/www.landkreis-schwandorf.de\" target=\"_blank\" rel=\"noopener noreferrer\">http:\/\/www.landkreis-schwandorf.de<\/a><\/p>\n<p>Niederlassung:<\/p>\n<p>Lounge &amp; Discothek PEARLS Nabburg<br \/>\nSchl\u00f6rstr. 1a<br \/>\n92507 Nabburg<br \/>\nwww.pearls.de<\/p>\n<p>Kontakt:<\/p>\n<p>Email: <a href=\"mailto:social@pearlsgmbh.de\">social@pearlsgmbh.de<\/a><\/p>\n<p>Fax: +49 (0) 9421 189 7668<br \/>\nTel: +49 (0) 9433 2059611\u202c<\/p>\n<p>Dieses Impressum gilt auch f\u00fcr unsere Social Media Pr\u00e4senzen:<\/p>\n<p><a href=\"http:\/\/www.facebook.com\/disco.pearls.nabburg\" target=\"_blank\" rel=\"noopener noreferrer\">http:\/\/www.facebook.com\/disco.pearls.nabburg<\/a><\/p>\n<p><a href=\"https:\/\/www.instagram.com\/pearls.nabburg\/\">https:\/\/www.instagram.com\/pearls.nabburg\/<\/a><\/p>\n<p><a href=\"https:\/\/www.tiktok.com\/@pearls_club_nabburg\">https:\/\/www.tiktok.com\/@pearls_club_nabburg<\/a><\/p>\n<p><a href=\"https:\/\/www.facebook.com\/arenaparknabburg\" target=\"_blank\" rel=\"noopener noreferrer\">https:\/\/www.facebook.com\/arenaparknabburg<\/a><\/p>\n<p><a href=\"https:\/\/www.facebook.com\/groups\/pearls.events\/\">https:\/\/www.facebook.com\/groups\/pearls.events\/<\/a><\/p>\n<div style=\"display:none;\" id=\"fbEventDate\"><\/div>","protected":false},"excerpt":{"rendered":"<p>Impressum nach \u00a75 TMG PEARLS Entertainment GmbH Schl\u00f6rstr. 1a 92507 Nabburg Vertretungsberechtigter Gesch\u00e4ftsf\u00fchrer: Alfred Keller Handelsregister: HRB 1885 Amtsgericht Amberg Finanzamt Schwandorf Zust\u00e4ndige Aufsichtsbeh\u00f6rde: Landratsamt Schwandorf Wackersdorfer Str. 80 92421\u00a0Schwandorf http:\/\/www.landkreis-schwandorf.de Niederlassung: Lounge &amp; Discothek PEARLS Nabburg Schl\u00f6rstr. 1a 92507 Nabburg www.pearls.de Kontakt: Email: social@pearlsgmbh.de Fax: +49 (0) 9421 189 7668 Tel: +49 (0) 9433 [&#8230;]<\/p>\n","protected":false},"author":1,"featured_media":0,"parent":0,"menu_order":0,"comment_status":"closed","ping_status":"closed","template":"","meta":{"_links_to":"","_links_to_target":""},"yoast_head":"<!-- This site is optimized with the Yoast SEO plugin v20.3 - https:\/\/yoast.com\/wordpress\/plugins\/seo\/ -->\n<title>Impressum - Pearls Nabburg<\/title>\n<meta name=\"robots\" content=\"noindex, nofollow\" \/>\n<meta property=\"og:locale\" content=\"de_DE\" \/>\n<meta property=\"og:type\" content=\"article\" \/>\n<meta property=\"og:title\" content=\"Impressum - Pearls Nabburg\" \/>\n<meta property=\"og:description\" content=\"Impressum nach \u00a75 TMG PEARLS Entertainment GmbH Schl\u00f6rstr. 1a 92507 Nabburg Vertretungsberechtigter Gesch\u00e4ftsf\u00fchrer: Alfred Keller Handelsregister: HRB 1885 Amtsgericht Amberg Finanzamt Schwandorf Zust\u00e4ndige Aufsichtsbeh\u00f6rde: Landratsamt Schwandorf Wackersdorfer Str. 80 92421\u00a0Schwandorf http:\/\/www.landkreis-schwandorf.de Niederlassung: Lounge &amp; Discothek PEARLS Nabburg Schl\u00f6rstr. 1a 92507 Nabburg www.pearls.de Kontakt: Email: social@pearlsgmbh.de Fax: +49 (0) 9421 189 7668 Tel: +49 (0) 9433 [...]\" \/>\n<meta property=\"og:url\" content=\"https:\/\/www.pearls.de\/?page_id=546\" \/>\n<meta property=\"og:site_name\" content=\"Pearls Nabburg\" \/>\n<meta property=\"article:modified_time\" content=\"2024-02-28T12:19:15+00:00\" \/>\n<meta name=\"twitter:card\" content=\"summary_large_image\" \/>\n<meta name=\"twitter:label1\" content=\"Gesch\u00e4tzte Lesezeit\" \/>\n\t<meta name=\"twitter:data1\" content=\"1 Minute\" \/>\n<script type=\"application\/ld+json\" class=\"yoast-schema-graph\">{\"@context\":\"https:\/\/schema.org\",\"@graph\":[{\"@type\":\"WebPage\",\"@id\":\"https:\/\/www.pearls.de\/?page_id=546\",\"url\":\"https:\/\/www.pearls.de\/?page_id=546\",\"name\":\"Impressum - Pearls Nabburg\",\"isPartOf\":{\"@id\":\"https:\/\/www.pearls.de\/#website\"},\"datePublished\":\"2014-03-11T15:41:07+00:00\",\"dateModified\":\"2024-02-28T12:19:15+00:00\",\"breadcrumb\":{\"@id\":\"https:\/\/www.pearls.de\/?page_id=546#breadcrumb\"},\"inLanguage\":\"de-DE\",\"potentialAction\":[{\"@type\":\"ReadAction\",\"target\":[\"https:\/\/www.pearls.de\/?page_id=546\"]}]},{\"@type\":\"BreadcrumbList\",\"@id\":\"https:\/\/www.pearls.de\/?page_id=546#breadcrumb\",\"itemListElement\":[{\"@type\":\"ListItem\",\"position\":1,\"name\":\"Startseite\",\"item\":\"https:\/\/www.pearls.de\/\"},{\"@type\":\"ListItem\",\"position\":2,\"name\":\"Impressum\"}]},{\"@type\":\"WebSite\",\"@id\":\"https:\/\/www.pearls.de\/#website\",\"url\":\"https:\/\/www.pearls.de\/\",\"name\":\"Pearls Nabburg\",\"description\":\"Lounge und Discothek\",\"potentialAction\":[{\"@type\":\"SearchAction\",\"target\":{\"@type\":\"EntryPoint\",\"urlTemplate\":\"https:\/\/www.pearls.de\/?s={search_term_string}\"},\"query-input\":\"required name=search_term_string\"}],\"inLanguage\":\"de-DE\"}]}<\/script>\n<!-- \/ Yoast SEO plugin. -->","yoast_head_json":{"title":"Impressum - Pearls Nabburg","robots":{"index":"noindex","follow":"nofollow"},"og_locale":"de_DE","og_type":"article","og_title":"Impressum - Pearls Nabburg","og_description":"Impressum nach \u00a75 TMG PEARLS Entertainment GmbH Schl\u00f6rstr. 1a 92507 Nabburg Vertretungsberechtigter Gesch\u00e4ftsf\u00fchrer: Alfred Keller Handelsregister: HRB 1885 Amtsgericht Amberg Finanzamt Schwandorf Zust\u00e4ndige Aufsichtsbeh\u00f6rde: Landratsamt Schwandorf Wackersdorfer Str. 80 92421\u00a0Schwandorf http:\/\/www.landkreis-schwandorf.de Niederlassung: Lounge &amp; Discothek PEARLS Nabburg Schl\u00f6rstr. 1a 92507 Nabburg www.pearls.de Kontakt: Email: social@pearlsgmbh.de Fax: +49 (0) 9421 189 7668 Tel: +49 (0) 9433 [...]","og_url":"https:\/\/www.pearls.de\/?page_id=546","og_site_name":"Pearls Nabburg","article_modified_time":"2024-02-28T12:19:15+00:00","twitter_card":"summary_large_image","twitter_misc":{"Gesch\u00e4tzte Lesezeit":"1 Minute"},"schema":{"@context":"https:\/\/schema.org","@graph":[{"@type":"WebPage","@id":"https:\/\/www.pearls.de\/?page_id=546","url":"https:\/\/www.pearls.de\/?page_id=546","name":"Impressum - Pearls Nabburg","isPartOf":{"@id":"https:\/\/www.pearls.de\/#website"},"datePublished":"2014-03-11T15:41:07+00:00","dateModified":"2024-02-28T12:19:15+00:00","breadcrumb":{"@id":"https:\/\/www.pearls.de\/?page_id=546#breadcrumb"},"inLanguage":"de-DE","potentialAction":[{"@type":"ReadAction","target":["https:\/\/www.pearls.de\/?page_id=546"]}]},{"@type":"BreadcrumbList","@id":"https:\/\/www.pearls.de\/?page_id=546#breadcrumb","itemListElement":[{"@type":"ListItem","position":1,"name":"Startseite","item":"https:\/\/www.pearls.de\/"},{"@type":"ListItem","position":2,"name":"Impressum"}]},{"@type":"WebSite","@id":"https:\/\/www.pearls.de\/#website","url":"https:\/\/www.pearls.de\/","name":"Pearls Nabburg","description":"Lounge und Discothek","potentialAction":[{"@type":"SearchAction","target":{"@type":"EntryPoint","urlTemplate":"https:\/\/www.pearls.de\/?s={search_term_string}"},"query-input":"required name=search_term_string"}],"inLanguage":"de-DE"}]}},"_links":{"self":[{"href":"https:\/\/www.pearls.de\/index.php?rest_route=\/wp\/v2\/pages\/546"}],"collection":[{"href":"https:\/\/www.pearls.de\/index.php?rest_route=\/wp\/v2\/pages"}],"about":[{"href":"https:\/\/www.pearls.de\/index.php?rest_route=\/wp\/v2\/types\/page"}],"author":[{"embeddable":true,"href":"https:\/\/www.pearls.de\/index.php?rest_route=\/wp\/v2\/users\/1"}],"replies":[{"embeddable":true,"href":"https:\/\/www.pearls.de\/index.php?rest_route=%2Fwp%2Fv2%2Fcomments&post=546"}],"version-history":[{"count":10,"href":"https:\/\/www.pearls.de\/index.php?rest_route=\/wp\/v2\/pages\/546\/revisions"}],"predecessor-version":[{"id":8943,"href":"https:\/\/www.pearls.de\/index.php?rest_route=\/wp\/v2\/pages\/546\/revisions\/8943"}],"wp:attachment":[{"href":"https:\/\/www.pearls.de\/index.php?rest_route=%2Fwp%2Fv2%2Fmedia&parent=546"}],"curies":[{"name":"wp","href":"https:\/\/api.w.org\/{rel}","templated":true}]}}