{"id":555,"date":"2014-03-11T16:44:45","date_gmt":"2014-03-11T15:44:45","guid":{"rendered":"http:\/\/wordpresstest.pageya.com\/?page_id=555"},"modified":"2018-06-08T11:59:44","modified_gmt":"2018-06-08T10:59:44","slug":"datenschutzerklaerung","status":"publish","type":"page","link":"https:\/\/www.pearls.de\/?page_id=555","title":{"rendered":"Datenschutzerkl\u00e4rung"},"content":{"rendered":"<p>Sie k\u00f6nnen unsere Seite besuchen, ohne Angaben zu Ihrer Person zu machen. Personenbezogene Daten werden nur erhoben, wenn Sie uns diese im Rahmen Ihres Besuchs unseres Internetauftritts freiwillig mitteilen.<\/p>\n<p>\u201eIhnen stehen folgende Rechte gem\u00e4\u00df Datenschutzgrundverordnung (DSGVO) zu: <\/p>\n<p>Recht auf Auskunft: Sie k\u00f6nnen gem\u00e4\u00df Artikel 15 DSGVO eine Best\u00e4tigung dar\u00fcber verlangen, ob Sie betreffende Daten verarbeitet werden. Ist dies der Fall, so haben Sie ein Recht auf Auskunft \u00fcber die verarbeiteten Informationen. <\/p>\n<p>Recht auf Widerruf der Einwilligung: Sofern die Verarbeitung Ihrer personenbezogenen Daten aufgrund einer Einwilligung erfolgt, haben Sie gem\u00e4\u00df Artikel 7 DSGVO das Recht, diese Einwilligung jederzeit zu widerrufen. <\/p>\n<p>Recht auf Widerspruch: Sofern die Verarbeitung Ihrer personenbezogenen Daten zur Wahrung der berechtigten Interessen unseres Unternehmens erforderlich ist, k\u00f6nnen Sie gem\u00e4\u00df Artikel 21 DSGVO jederzeit Widerspruch gegen die Verarbeitung einlegen. <\/p>\n<p>Recht auf L\u00f6schung: Sofern Sie Ihre Einwilligung widerrufen haben, Widerspruch gegen die Verarbeitung Ihrer personenbezogenen Daten eingelegt haben (und keine vorrangigen berechtigten Gr\u00fcnde f\u00fcr die Verarbeitung vorliegen), Ihre personenbezogenen Daten f\u00fcr die Zwecke der Verarbeitung nicht mehr notwendig sind, eine entsprechende rechtliche Verpflichtung besteht oder Ihre personenbezogenen Daten unrechtm\u00e4\u00dfig verarbeitet wurden, haben Sie das Recht, gem\u00e4\u00df Artikel 17 DSGVO die L\u00f6schung Ihrer personenbezogenen Daten zu verlangen. <\/p>\n<p>Recht auf Berichtigung: Sofern Ihre personenbezogenen Daten unrichtig verarbeitet wurden, haben Sie gem\u00e4\u00df Artikel 16 DSGVO das Recht, unverz\u00fcglich die Berichtigung dieser Daten zu verlangen. <\/p>\n<p>Recht auf Einschr\u00e4nkung der Verarbeitung: Unter den Voraussetzungen des Artikels 18 DSGVO haben Sie das Recht, die Einschr\u00e4nkung der Verarbeitung Ihrer personenbezogenen Daten zu verlangen. <\/p>\n<p>Recht auf Daten\u00fcbertragbarkeit: Ihnen steht gem\u00e4\u00df Artikel 20 DSGVO das Recht zu, von Ihnen bereitgestellte personenbezogene Daten in einem strukturierten, g\u00e4ngigen und maschinenlesbaren Format zu erhalten. <\/p>\n<p>Beschwerderecht: Ihnen steht gem\u00e4\u00df Artikel 13 DSGVO ein Beschwerderecht bei der zust\u00e4ndigen Aufsichtsbeh\u00f6rde zu. <\/p>\n<p>Um Ihre Rechte geltend zu machen, k\u00f6nnen Sie uns unter folgender E-Mail-Adresse kontaktieren: manager@pearls.de <\/p>\n<p>Dauer der Speicherung der personenbezogenen Daten, bzw. die Kriterien f\u00fcr die Festlegung der Dauer <\/p>\n<p>\u201ePersonenbezogene Daten, die im Rahmen einer allgemeinen Kontaktanfrage per E-Mail oder Kontaktformular von uns verarbeitet werden, speichern wir nur so lange, wie dies f\u00fcr die jeweilige Korrespondenz notwendig ist.\u201c <\/p>\n<p>\u201ePersonenbezogene Daten, die im Zusammenhang mit einer Tischreservierung von uns abgefragt werden, werden nur so lange gespeichert, wie dies f\u00fcr die Vertragsabwicklung und eventuelle nachtr\u00e4gliche vertragsbezogene Korrespondenz n\u00f6tig ist bzw. im Falle handels- und\/oder steuerrechtlich relevanter Dokumente, die personenbezogene Daten enthalten, so lange, wie die gesetzlichen Fristen des Handelsgesetzbuches und der Abgabenordnung eine Aufbewahrung dieser Dokumente vorsehen.\u201c \u2028<\/p>\n<p>Den Zweck (oder die Zwecke) sowie Art und Umfang der Verarbeitung<br \/>\n\u201eBei allgemeinen Anfragen, die per E- Mail oder Kontaktformular an uns gerichtet werden, werden die entsprechenden personenbezogenen Daten nur zum Zwecke der jeweiligen Korrespondenz gespeichert.\u201c \u2028<br \/>\n\u201ePersonenbezogene Daten, die im Zusammenhang mit einer Tischreservierung von uns abgefragt werden, werden zum Zwecke der Vertragsabwicklung verarbeitet. Dar\u00fcber hinaus verwenden wir Ihre E- Mail-Adresse zum Zwecke der Direktwerbung f\u00fcr eigene \u00e4hnliche Angebote, sofern Sie dieser Verwendung nicht bereits widersprochen haben. Sie k\u00f6nnen der Verwendung zum Zwecke der Direktwerbung jederzeit widersprechen.\u201c \u2028<\/p>\n<p>\u201eRechtsgrundlage f\u00fcr die Verarbeitung von personenbezogenen Daten im Zusammenhang mit allgemeinen Anfragen per E-Mail oder Kontaktformular: Personenbezogene Daten, die im Zusammenhang mit einer allgemeinen Anfrage per E-Mail oder Kontaktformular verarbeitet werden, werden aufgrund einer Einwilligung verarbeitet, Artikel 6 DSGVO.\u201c <\/p>\n<p>\u201eRechtsgrundlage f\u00fcr die Verarbeitung von personenbezogenen Daten im Zusammenhang mit einer Tischreservierung: Personenbezogene Daten, die im Zusammenhang mit einer Tischreservierung verarbeitet werden, sind zur Erf\u00fcllung des entsprechenden Vertrags erforderlich, Artikel 6 DSGVO.\u201c <\/p>\n<p><span style=\"text-decoration: underline;\">Google<\/span><br \/>\n\u201eEs kann vorkommen, dass auf unserem Internetauftritt Inhalte Dritter, wie zum Beispiel Videos von YouTube, Kartenmaterial von Google-Maps oder RSS-Feeds eingebunden werden. Dies setzt immer voraus, dass die Anbieter dieser Inhalte (nachfolgend bezeichnet als \"Dritt-Anbieter\") die IP-Adresse der Nutzer wahrnehmen. Denn ohne die IP-Adresse, k\u00f6nnten sie die Inhalte nicht an den Browser des jeweiligen Nutzers senden. Wir bem\u00fchen uns nur solche Inhalte zu verwenden, deren jeweilige Anbieter die IP-Adresse lediglich zur Auslieferung der Inhalte verwenden. Jedoch haben wir keinen Einfluss darauf, falls die Dritt- Anbieter die IP-Adresse z.B. f\u00fcr statistische Zwecke speichern.\u201c <\/p>\n<p>\u2028<br \/>\n<span style=\"text-decoration: underline;\">Verwendung von Facebook Plugins<\/span><br \/>\n\u201eDieser Internetauftritt verwendet mehrere Plugins von Facebook, Facebook Ireland Ltd., 4 Grand Canal Square, Grand Canal Harbour, Dublin 2, Irland. Sie erkennen diese Plugins entweder am blauen \u201cF\u201d von Facebook, einem \u201eDaumen hoch\u201c-Zeichen oder daran, dass dieses Plugin mit dem Wort \u201cFacebook\u201d gekennzeichnet ist. Bei einem Aufruf dieser Website wird \u00fcber diese Plugins eine Verbindung zu den Servern von Facebook hergestellt und es werden Daten \u00fcbermittelt. Zum einen werden die Informationen, die Sie sehen, direkt von den Servern an Ihren Browser \u00fcbertragen und dort dargestellt, zum anderen werden Informationen \u00fcber Ihren Besuch auf unserem Internetauftritt an Facebook \u00fcbermittelt. Sind Sie bei Facebook eingeloggt so k\u00f6nnen die \u00fcbermittelten Informationen direkt Ihrem Konto zugeordnet werden. Bei einer Interaktion mit den Funktionen des Plugins, z.B. dr\u00fccken des \u201cGef\u00e4llt mir\u201d Buttons, wird diese Information von Ihrem Browser direkt an Facebook \u00fcbersendet und dort gespeichert. Die Weiterverarbeitung dieser Information obliegt Facebook, die entsprechenden Bedingungen und Einstellm\u00f6glichkeiten entnehmen Sie bitte den Datenschutzhinweisen von Facebook. Wollen Sie vermeiden, dass personenbezogene Daten von Ihnen an Facebook \u00fcbermittelt werden, so loggen Sie sich vor einem Besuch dieser Website in Facebook aus. Falls ein Nutzer kein Mitglied von Facebook ist, besteht trotzdem die M\u00f6glichkeit, dass Facebook seine IP-Adresse in Erfahrung bringt und speichert. Laut Facebook wird in Deutschland nur eine anonymisierte IP-Adresse gespeichert.<br \/>\nZweck und Umfang der Datenerhebung und die weitere Verarbeitung und Nutzung der Daten durch Facebook sowie die diesbez\u00fcglichen Rechte und Einstellungsm\u00f6glichkeiten zum Schutz der Privatsph\u00e4re der Nutzer, k\u00f6nnen diese den Datenschutzhinweisen von Facebook entnehmen: https:\/\/www.facebook.com\/about\/privacy\/.\u201c <\/p>\n<p>\u2028<span style=\"text-decoration: underline;\">Google Analytics<\/span><br \/>\n\u201eAuf diesem Internetauftritt wird Google Analytics, ein Webanalysedienst der Google Inc. (\u201eGoogle\u201c) eingesetzt. Google verwendet Cookies. Die durch das Cookie erzeugten Informationen \u00fcber die Benutzung des Onlineangebotes durch die Nutzer werden in der Regel an einen Server von Google in den USA \u00fcbertragen und dort gespeichert. Google wird diese Informationen in unserem Auftrag benutzen, um die Nutzung unseres Onlineangebotes durch die Nutzer auszuwerten, um Reports \u00fcber die Aktivit\u00e4ten innerhalb dieses Onlineangebotes zusammenzustellen und um weitere mit der Nutzung dieses Onlineangebotes und der Internetnutzung verbundene Dienstleistungen uns gegen\u00fcber zu erbringen. Dabei k\u00f6nnen aus den verarbeiteten Daten pseudonyme Nutzungsprofile der Nutzer erstellt werden.<br \/>\nGoogle Analytics wird auf diesem Internetauftritt nur mit aktivierter IP-Anonymisierung eingesetzt. Das bedeutet, die IP-Adresse der Nutzer wird von Google innerhalb von Mitgliedstaaten der Europ\u00e4ischen Union oder in anderen Vertragsstaaten des Abkommens \u00fcber den Europ\u00e4ischen Wirtschaftsraum gek\u00fcrzt. Nur in Ausnahmef\u00e4llen wird die volle IP- Adresse an einen Server von Google in den USA \u00fcbertragen und dort gek\u00fcrzt. Die von dem Browser des Nutzers \u00fcbermittelte IP-Adresse wird nicht mit anderen Daten von Google zusammengef\u00fchrt.<br \/>\nDie Nutzer k\u00f6nnen die Speicherung der Cookies durch eine entsprechende Einstellung ihrer Browser-Software verhindern; die Nutzer k\u00f6nnen dar\u00fcber hinaus die Erfassung der durch das Cookie erzeugten und auf ihre Nutzung des Onlineangebotes bezogenen Daten an Google sowie die Verarbeitung dieser Daten durch Google verhindern, indem sie das unter dem folgenden Link verf\u00fcgbare Browser-Plugin herunterladen und installieren: http:\/\/tools.google.com\/dlpage\/gaoptout?hl=de. Informationen zum Datenschutz bei der Verwendung von Google Analytics finden Sie unter https:\/\/www.google.com\/analytics\/learn\/privacy.html?hl=de, Informationen zum Datenschutz allgemein unter: http:\/\/www.google.com\/intl\/de\/policies\/privacy\u201c <\/p>\n<p><span style=\"text-decoration: underline;\">Datenschutzerklarung fur die Nutzung von Instagram<\/span><br \/>\nAuf unseren Seiten sind Funktionen des Dienstes Instagram eingebunden. Diese Funktionen werden angeboten durch die Instagram Inc., 1601 Willow Road, Menlo Park, CA, 94025, USA integriert. Wenn Sie in Ihrem Instagram &#8211; Account eingeloggt sind k\u00f6nnen Sie durch Anklicken des Instagram &#8211; Buttons die Inhalte unserer Seiten mit Ihrem Instagram &#8211; Profil verlinken. Dadurch kann Instagram den Besuch unserer Seiten Ihrem Benutzerkonto zuordnen. Wir weisen darauf hin, dass wir als Anbieter der Seiten keine Kenntnis vom Inhalt der \u00fcbermittelten Daten sowie deren Nutzung durch Instagram erhalten.<br \/>\nWeitere Informationen hierzu finden Sie in der Datenschutzerklarung von Instagram: http:\/\/instagram.com\/about\/legal\/privacy\/<\/p>\n<p><span style=\"text-decoration: underline;\">Hinweise zu Cookies<\/span><br \/>\n\u201eAuf diesem Internetauftritt werden Cookies, d.h. Textdateien, die auf Ihrem Computer hinterlegt werden, verwendet. Dauerhafte Cookies erkennen, dass Ihr PC schon einmal eine Verbindung zu einem Webangebot hatte, \u201eSession Cookies\u201c speichern zuletzt angesehene Angebote. \u201eSession Cookies\u201c werden nach Ende der Sitzung gel\u00f6scht. Durch den Einsatz der Cookies in der von uns gew\u00e4hlten Gestalt, entstehen Ihnen keine Nachteile. Sie k\u00f6nnen das Setzen, d.h. Speichern von Cookies durch entsprechende Einstellungen Ihres Browsers generell akzeptieren oder ausschlie\u00dfen.\u201c <\/p>\n<p><span style=\"text-decoration: underline;\">Hinweis bez\u00fcglich externer Links<\/span><br \/>\n\"Dieser Internetauftritt enth\u00e4lt Links zu externen Webseiten Dritter, auf deren Inhalte wir keinen Einfluss haben. Deshalb kann f\u00fcr diese fremden Inhalte auch keine Gew\u00e4hr \u00fcbernommen werden. Die Inhalte fremder Seiten, auf die hier verlinkt wird, spiegeln nicht die Meinung des Webseitenbetreibers wider, sondern dienen lediglich der Information und der Darstellung von Zusammenh\u00e4ngen. F\u00fcr die Inhalte der verlinkten Seiten ist stets der jeweilige Anbieter oder Betreiber der Seiten verantwortlich. Die verlinkten Seiten wurden zum Zeitpunkt der Verlinkung auf m\u00f6gliche Rechtsverst\u00f6\u00dfe \u00fcberpr\u00fcft. zum Zeitpunkt der Verlinkung waren rechtswidrige Inhalte nicht erkennbar. Eine permanente inhaltliche Kontrolle der verlinkten Seiten ist jedoch ohne konkrete Anhaltspunkte einer Rechtsverletzung nicht zumutbar. Bei Bekanntwerden von Rechtsverletzungen werden wir derartige Links umgehend entfernen.\u201c<\/p>\n<div style=\"display:none;\" id=\"fbEventDate\"><\/div>","protected":false},"excerpt":{"rendered":"<p>Sie k\u00f6nnen unsere Seite besuchen, ohne Angaben zu Ihrer Person zu machen. Personenbezogene Daten werden nur erhoben, wenn Sie uns diese im Rahmen Ihres Besuchs unseres Internetauftritts freiwillig mitteilen. \u201eIhnen stehen folgende Rechte gem\u00e4\u00df Datenschutzgrundverordnung (DSGVO) zu: Recht auf Auskunft: Sie k\u00f6nnen gem\u00e4\u00df Artikel 15 DSGVO eine Best\u00e4tigung dar\u00fcber verlangen, ob Sie betreffende Daten verarbeitet [&#8230;]<\/p>\n","protected":false},"author":1,"featured_media":0,"parent":0,"menu_order":0,"comment_status":"closed","ping_status":"closed","template":"","meta":{"_links_to":"","_links_to_target":""},"yoast_head":"<!-- This site is optimized with the Yoast SEO plugin v20.3 - https:\/\/yoast.com\/wordpress\/plugins\/seo\/ -->\n<title>Datenschutzerkl\u00e4rung - Pearls Nabburg<\/title>\n<meta name=\"robots\" content=\"noindex, nofollow\" \/>\n<meta property=\"og:locale\" content=\"de_DE\" \/>\n<meta property=\"og:type\" content=\"article\" \/>\n<meta property=\"og:title\" content=\"Datenschutzerkl\u00e4rung - Pearls Nabburg\" \/>\n<meta property=\"og:description\" content=\"Sie k\u00f6nnen unsere Seite besuchen, ohne Angaben zu Ihrer Person zu machen. Personenbezogene Daten werden nur erhoben, wenn Sie uns diese im Rahmen Ihres Besuchs unseres Internetauftritts freiwillig mitteilen. \u201eIhnen stehen folgende Rechte gem\u00e4\u00df Datenschutzgrundverordnung (DSGVO) zu: Recht auf Auskunft: Sie k\u00f6nnen gem\u00e4\u00df Artikel 15 DSGVO eine Best\u00e4tigung dar\u00fcber verlangen, ob Sie betreffende Daten verarbeitet [...]\" \/>\n<meta property=\"og:url\" content=\"https:\/\/www.pearls.de\/?page_id=555\" \/>\n<meta property=\"og:site_name\" content=\"Pearls Nabburg\" \/>\n<meta property=\"article:modified_time\" content=\"2018-06-08T10:59:44+00:00\" \/>\n<meta name=\"twitter:card\" content=\"summary_large_image\" \/>\n<meta name=\"twitter:label1\" content=\"Gesch\u00e4tzte Lesezeit\" \/>\n\t<meta name=\"twitter:data1\" content=\"8 Minuten\" \/>\n<script type=\"application\/ld+json\" class=\"yoast-schema-graph\">{\"@context\":\"https:\/\/schema.org\",\"@graph\":[{\"@type\":\"WebPage\",\"@id\":\"https:\/\/www.pearls.de\/?page_id=555\",\"url\":\"https:\/\/www.pearls.de\/?page_id=555\",\"name\":\"Datenschutzerkl\u00e4rung - Pearls Nabburg\",\"isPartOf\":{\"@id\":\"https:\/\/www.pearls.de\/#website\"},\"datePublished\":\"2014-03-11T15:44:45+00:00\",\"dateModified\":\"2018-06-08T10:59:44+00:00\",\"breadcrumb\":{\"@id\":\"https:\/\/www.pearls.de\/?page_id=555#breadcrumb\"},\"inLanguage\":\"de-DE\",\"potentialAction\":[{\"@type\":\"ReadAction\",\"target\":[\"https:\/\/www.pearls.de\/?page_id=555\"]}]},{\"@type\":\"BreadcrumbList\",\"@id\":\"https:\/\/www.pearls.de\/?page_id=555#breadcrumb\",\"itemListElement\":[{\"@type\":\"ListItem\",\"position\":1,\"name\":\"Startseite\",\"item\":\"https:\/\/www.pearls.de\/\"},{\"@type\":\"ListItem\",\"position\":2,\"name\":\"Datenschutzerkl\u00e4rung\"}]},{\"@type\":\"WebSite\",\"@id\":\"https:\/\/www.pearls.de\/#website\",\"url\":\"https:\/\/www.pearls.de\/\",\"name\":\"Pearls Nabburg\",\"description\":\"Lounge und Discothek\",\"potentialAction\":[{\"@type\":\"SearchAction\",\"target\":{\"@type\":\"EntryPoint\",\"urlTemplate\":\"https:\/\/www.pearls.de\/?s={search_term_string}\"},\"query-input\":\"required name=search_term_string\"}],\"inLanguage\":\"de-DE\"}]}<\/script>\n<!-- \/ Yoast SEO plugin. -->","yoast_head_json":{"title":"Datenschutzerkl\u00e4rung - Pearls Nabburg","robots":{"index":"noindex","follow":"nofollow"},"og_locale":"de_DE","og_type":"article","og_title":"Datenschutzerkl\u00e4rung - Pearls Nabburg","og_description":"Sie k\u00f6nnen unsere Seite besuchen, ohne Angaben zu Ihrer Person zu machen. Personenbezogene Daten werden nur erhoben, wenn Sie uns diese im Rahmen Ihres Besuchs unseres Internetauftritts freiwillig mitteilen. \u201eIhnen stehen folgende Rechte gem\u00e4\u00df Datenschutzgrundverordnung (DSGVO) zu: Recht auf Auskunft: Sie k\u00f6nnen gem\u00e4\u00df Artikel 15 DSGVO eine Best\u00e4tigung dar\u00fcber verlangen, ob Sie betreffende Daten verarbeitet [...]","og_url":"https:\/\/www.pearls.de\/?page_id=555","og_site_name":"Pearls Nabburg","article_modified_time":"2018-06-08T10:59:44+00:00","twitter_card":"summary_large_image","twitter_misc":{"Gesch\u00e4tzte Lesezeit":"8 Minuten"},"schema":{"@context":"https:\/\/schema.org","@graph":[{"@type":"WebPage","@id":"https:\/\/www.pearls.de\/?page_id=555","url":"https:\/\/www.pearls.de\/?page_id=555","name":"Datenschutzerkl\u00e4rung - Pearls Nabburg","isPartOf":{"@id":"https:\/\/www.pearls.de\/#website"},"datePublished":"2014-03-11T15:44:45+00:00","dateModified":"2018-06-08T10:59:44+00:00","breadcrumb":{"@id":"https:\/\/www.pearls.de\/?page_id=555#breadcrumb"},"inLanguage":"de-DE","potentialAction":[{"@type":"ReadAction","target":["https:\/\/www.pearls.de\/?page_id=555"]}]},{"@type":"BreadcrumbList","@id":"https:\/\/www.pearls.de\/?page_id=555#breadcrumb","itemListElement":[{"@type":"ListItem","position":1,"name":"Startseite","item":"https:\/\/www.pearls.de\/"},{"@type":"ListItem","position":2,"name":"Datenschutzerkl\u00e4rung"}]},{"@type":"WebSite","@id":"https:\/\/www.pearls.de\/#website","url":"https:\/\/www.pearls.de\/","name":"Pearls Nabburg","description":"Lounge und Discothek","potentialAction":[{"@type":"SearchAction","target":{"@type":"EntryPoint","urlTemplate":"https:\/\/www.pearls.de\/?s={search_term_string}"},"query-input":"required name=search_term_string"}],"inLanguage":"de-DE"}]}},"_links":{"self":[{"href":"https:\/\/www.pearls.de\/index.php?rest_route=\/wp\/v2\/pages\/555"}],"collection":[{"href":"https:\/\/www.pearls.de\/index.php?rest_route=\/wp\/v2\/pages"}],"about":[{"href":"https:\/\/www.pearls.de\/index.php?rest_route=\/wp\/v2\/types\/page"}],"author":[{"embeddable":true,"href":"https:\/\/www.pearls.de\/index.php?rest_route=\/wp\/v2\/users\/1"}],"replies":[{"embeddable":true,"href":"https:\/\/www.pearls.de\/index.php?rest_route=%2Fwp%2Fv2%2Fcomments&post=555"}],"version-history":[{"count":3,"href":"https:\/\/www.pearls.de\/index.php?rest_route=\/wp\/v2\/pages\/555\/revisions"}],"predecessor-version":[{"id":6274,"href":"https:\/\/www.pearls.de\/index.php?rest_route=\/wp\/v2\/pages\/555\/revisions\/6274"}],"wp:attachment":[{"href":"https:\/\/www.pearls.de\/index.php?rest_route=%2Fwp%2Fv2%2Fmedia&parent=555"}],"curies":[{"name":"wp","href":"https:\/\/api.w.org\/{rel}","templated":true}]}}